{"id":1093,"date":"2021-12-08T16:13:11","date_gmt":"2021-12-08T16:13:11","guid":{"rendered":"https:\/\/hierbasdemexico.com.mx\/tienda\/?page_id=1093"},"modified":"2021-12-08T16:15:54","modified_gmt":"2021-12-08T16:15:54","slug":"preguntas-frecuentes","status":"publish","type":"page","link":"https:\/\/hierbasdemexico.com.mx\/tienda\/preguntas-frecuentes\/","title":{"rendered":"Preguntas frecuentes"},"content":{"rendered":"\n\n\n<p class=\"letraAssamte\" style=\"font-family: &quot;Code Bold&quot;; color: rgb(109, 111, 114); font-size: medium; font-style: normal;\">\u00bfCu\u00e1nto es el m\u00ednimo de compra?<\/p><p class=\"txtEmpresa\" style=\"font-size: 14px; color: rgb(109, 111, 114); font-family: Helvetica; font-style: normal;\">El m\u00ednimo de compra es de $3000, puede ser surtido.<\/p><p class=\"txtEmpresa\" style=\"font-size: 14px; color: rgb(109, 111, 114); font-family: Helvetica; font-style: normal;\"><br><\/p><p><br style=\"color: rgb(109, 111, 114); font-family: Helvetica; font-size: medium;\"><\/p><p class=\"letraAssamte\" style=\"font-family: &quot;Code Bold&quot;; color: rgb(109, 111, 114); font-size: medium; font-style: normal;\">\u00bfTiene alg\u00fan costo el env\u00edo?<\/p><p class=\"txtEmpresa\" style=\"font-size: 14px; color: rgb(109, 111, 114); font-family: Helvetica; font-style: normal;\"><span style=\"font-family: Helvetica; font-size: 14px; font-style: normal;\">El env\u00edo en Ciudad de M\u00e9xico y \u00e1rea metropolitana tiene un costo de $110. Si es en otra ciudad, se tendr\u00e1 que cotizar de acuerdo al pedido y el peso, aunque no es costoso ya que se trata de hierbas.<\/span><br><\/p><p><br style=\"color: rgb(109, 111, 114); font-family: Helvetica; font-size: medium;\"><br style=\"color: rgb(109, 111, 114); font-family: Helvetica; font-size: medium;\"><\/p><p class=\"letraAssamte\" style=\"font-family: &quot;Code Bold&quot;; color: rgb(109, 111, 114); font-size: medium; font-style: normal;\">\u00bfQu\u00e9 tengo que hacer para hacer un pedido?<\/p><p class=\"txtEmpresa\" style=\"font-size: 14px; color: rgb(109, 111, 114); font-family: Helvetica; font-style: normal;\">Enviar un correo en el formulario de contacto con todos tus datos para hacerte llegar la lista de precios y una hoja de pedido. Una vez que este hecho tu pedido, te llegar\u00e1 una confirmaci\u00f3n y los datos bancarios donde podr\u00e1s hacer el pago.<\/p><p><br style=\"color: rgb(109, 111, 114); font-family: Helvetica; font-size: medium;\"><\/p><p class=\"txtEmpresa\" style=\"font-size: 14px; color: rgb(109, 111, 114); font-family: Helvetica; font-style: normal;\">El tiempo que nos toma procesar los pedidos es de dos d\u00edas a partir de que recibimos el pago.<\/p><p><br style=\"color: rgb(109, 111, 114); font-family: Helvetica; font-size: medium;\"><br style=\"color: rgb(109, 111, 114); font-family: Helvetica; font-size: medium;\"><\/p><p class=\"letraAssamte\" style=\"font-family: &quot;Code Bold&quot;; color: rgb(109, 111, 114); font-size: medium; font-style: normal;\">\u00bfTienen alguna tienda f\u00edsica donde pueda probar los productos?<\/p><p class=\"txtEmpresa\" style=\"font-size: 14px; color: rgb(109, 111, 114); font-family: Helvetica; font-style: normal;\">No tenemos tienda f\u00edsica, todo es con entrega a domicilio.<\/p><p><br style=\"color: rgb(109, 111, 114); font-family: Helvetica; font-size: medium;\"><br style=\"color: rgb(109, 111, 114); font-family: Helvetica; font-size: medium;\"><\/p><p class=\"letraAssamte\" style=\"font-family: &quot;Code Bold&quot;; color: rgb(109, 111, 114); font-size: medium; font-style: normal;\">\u00bfPuedo vender sus productos?<\/p><p class=\"txtEmpresa\" style=\"font-size: 14px; color: rgb(109, 111, 114); font-family: Helvetica; font-style: normal;\">Por supuesto que puedes vender nuestros productos, con tan s\u00f3lo $3000 puedes iniciar tu propio negocio. Tienen un margen de ganancia hasta del 20%, dependiendo en donde los vayas a vender.<\/p>\n\n\n\n\n\n\n","protected":false},"excerpt":{"rendered":"","protected":false},"author":1,"featured_media":0,"parent":0,"menu_order":0,"comment_status":"closed","ping_status":"closed","template":"template-full-width.php","meta":{"pagelayer_contact_templates":[],"_pagelayer_content":"","footnotes":""},"class_list":["post-1093","page","type-page","status-publish","hentry"],"_links":{"self":[{"href":"https:\/\/hierbasdemexico.com.mx\/tienda\/wp-json\/wp\/v2\/pages\/1093","targetHints":{"allow":["GET"]}}],"collection":[{"href":"https:\/\/hierbasdemexico.com.mx\/tienda\/wp-json\/wp\/v2\/pages"}],"about":[{"href":"https:\/\/hierbasdemexico.com.mx\/tienda\/wp-json\/wp\/v2\/types\/page"}],"author":[{"embeddable":true,"href":"https:\/\/hierbasdemexico.com.mx\/tienda\/wp-json\/wp\/v2\/users\/1"}],"replies":[{"embeddable":true,"href":"https:\/\/hierbasdemexico.com.mx\/tienda\/wp-json\/wp\/v2\/comments?post=1093"}],"version-history":[{"count":0,"href":"https:\/\/hierbasdemexico.com.mx\/tienda\/wp-json\/wp\/v2\/pages\/1093\/revisions"}],"wp:attachment":[{"href":"https:\/\/hierbasdemexico.com.mx\/tienda\/wp-json\/wp\/v2\/media?parent=1093"}],"curies":[{"name":"wp","href":"https:\/\/api.w.org\/{rel}","templated":true}]}}