{"id":111,"date":"2020-07-16T21:59:33","date_gmt":"2020-07-16T21:59:33","guid":{"rendered":"https:\/\/hierbasdemexico.com.mx\/?post_type=product&#038;p=111"},"modified":"2022-12-11T00:31:52","modified_gmt":"2022-12-11T00:31:52","slug":"jengibre-en-polvo","status":"publish","type":"product","link":"https:\/\/hierbasdemexico.com.mx\/tienda\/producto\/jengibre-en-polvo\/","title":{"rendered":"Jengibre \u2022\u00a0\ud835\ude21\ud835\ude2a\ud835\ude2f\ud835\ude28\ud835\ude2a\ud835\ude23\ud835\ude26\ud835\ude33 \ud835\ude30\ud835\ude27\ud835\ude27\ud835\ude2a\ud835\ude24\ud835\ude2a\ud835\ude2f\ud835\ude22\ud835\ude2d\ud835\ude26"},"content":{"rendered":"","protected":false},"excerpt":{"rendered":"<p><strong>Presentaci\u00f3n: POLVO<\/strong><\/p>\n<p>Elimina dolores reum\u00e1ticos y menstruales. Es eficaz contra la gripe y los resfriados, al favorecer la expectoraci\u00f3n. Disminuye las migra\u00f1as y facilita la digesti\u00f3n<\/p>\n<p>Modo de preparaci\u00f3n:<\/p>\n<p><img loading=\"lazy\" decoding=\"async\" class=\"alignnone size-medium wp-image-234\" src=\"https:\/\/hierbasdemexico.com.mx\/tienda\/wp-content\/uploads\/2020\/07\/Instrucciones-de-uso-01-300x119.png\" alt=\"\" width=\"300\" height=\"119\" srcset=\"https:\/\/hierbasdemexico.com.mx\/tienda\/wp-content\/uploads\/2020\/07\/Instrucciones-de-uso-01-300x119.png 300w, https:\/\/hierbasdemexico.com.mx\/tienda\/wp-content\/uploads\/2020\/07\/Instrucciones-de-uso-01-350x139.png 350w, https:\/\/hierbasdemexico.com.mx\/tienda\/wp-content\/uploads\/2020\/07\/Instrucciones-de-uso-01.png 640w\" sizes=\"auto, (max-width: 300px) 100vw, 300px\" \/><\/p>\n","protected":false},"featured_media":113,"comment_status":"open","ping_status":"closed","template":"","meta":{"pagelayer_contact_templates":[],"_pagelayer_content":""},"product_brand":[],"product_cat":[323,325,468,469,337,342,473,352,471,353,358,462,464,22,375,379,17,397,409,420,424,431,466,436,437,472,312],"product_tag":[],"class_list":{"0":"post-111","1":"product","2":"type-product","3":"status-publish","4":"has-post-thumbnail","6":"product_cat-ansiedad","7":"product_cat-antioxidante","8":"product_cat-bien-dormir","9":"product_cat-cerebro","10":"product_cat-circulacion","11":"product_cat-condiciones-de-la-piel","12":"product_cat-cuidado-de-la-piel","13":"product_cat-diarrea","14":"product_cat-digestion-efecto","15":"product_cat-digestion","16":"product_cat-dolor-de-cabeza","17":"product_cat-efecto","18":"product_cat-energia-efecto","19":"product_cat-especias","20":"product_cat-estres","21":"product_cat-funcion-del-cerebro","22":"product_cat-hierbas","23":"product_cat-inflamacion","24":"product_cat-metabolismo","25":"product_cat-perdida-de-peso","26":"product_cat-problemas-digestivos","27":"product_cat-relajacion","28":"product_cat-relax","29":"product_cat-salud-de-la-piel","30":"product_cat-salud-del-cerebro","31":"product_cat-sistema-inmune","32":"product_cat-uso-comun","34":"first","35":"instock","36":"shipping-taxable","37":"purchasable","38":"product-type-variable"},"_links":{"self":[{"href":"https:\/\/hierbasdemexico.com.mx\/tienda\/wp-json\/wp\/v2\/product\/111","targetHints":{"allow":["GET"]}}],"collection":[{"href":"https:\/\/hierbasdemexico.com.mx\/tienda\/wp-json\/wp\/v2\/product"}],"about":[{"href":"https:\/\/hierbasdemexico.com.mx\/tienda\/wp-json\/wp\/v2\/types\/product"}],"replies":[{"embeddable":true,"href":"https:\/\/hierbasdemexico.com.mx\/tienda\/wp-json\/wp\/v2\/comments?post=111"}],"wp:featuredmedia":[{"embeddable":true,"href":"https:\/\/hierbasdemexico.com.mx\/tienda\/wp-json\/wp\/v2\/media\/113"}],"wp:attachment":[{"href":"https:\/\/hierbasdemexico.com.mx\/tienda\/wp-json\/wp\/v2\/media?parent=111"}],"wp:term":[{"taxonomy":"product_brand","embeddable":true,"href":"https:\/\/hierbasdemexico.com.mx\/tienda\/wp-json\/wp\/v2\/product_brand?post=111"},{"taxonomy":"product_cat","embeddable":true,"href":"https:\/\/hierbasdemexico.com.mx\/tienda\/wp-json\/wp\/v2\/product_cat?post=111"},{"taxonomy":"product_tag","embeddable":true,"href":"https:\/\/hierbasdemexico.com.mx\/tienda\/wp-json\/wp\/v2\/product_tag?post=111"}],"curies":[{"name":"wp","href":"https:\/\/api.w.org\/{rel}","templated":true}]}}