{"id":117,"date":"2020-07-21T19:36:23","date_gmt":"2020-07-21T19:36:23","guid":{"rendered":"https:\/\/hierbasdemexico.com.mx\/?post_type=product&#038;p=117"},"modified":"2024-04-16T18:23:29","modified_gmt":"2024-04-16T18:23:29","slug":"calendula","status":"publish","type":"product","link":"https:\/\/hierbasdemexico.com.mx\/tienda\/producto\/calendula\/","title":{"rendered":"Flor de cal\u00e9ndula \u2022 \ud835\ude0a\ud835\ude22\ud835\ude2d\ud835\ude26\ud835\ude2f\ud835\ude25\ud835\ude36\ud835\ude2d\ud835\ude22 \ud835\ude30\ud835\ude27\ud835\ude27\ud835\ude2a\ud835\ude24\ud835\ude2a\ud835\ude2f\ud835\ude22\ud835\ude2d\ud835\ude2a\ud835\ude34"},"content":{"rendered":"","protected":false},"excerpt":{"rendered":"<p>Antiinflamatoria, antis\u00e9ptica, antiviral, antibacteriana y antiespasm\u00f3dica. Antihemorr\u00e1gica y cicatrizante.<\/p>\n<p>Modo de preparaci\u00f3n:<\/p>\n<p><img loading=\"lazy\" decoding=\"async\" class=\"alignnone size-medium wp-image-234\" src=\"https:\/\/hierbasdemexico.com.mx\/tienda\/wp-content\/uploads\/2020\/07\/Instrucciones-de-uso-01-300x119.png\" alt=\"\" width=\"300\" height=\"119\" srcset=\"https:\/\/hierbasdemexico.com.mx\/tienda\/wp-content\/uploads\/2020\/07\/Instrucciones-de-uso-01-300x119.png 300w, https:\/\/hierbasdemexico.com.mx\/tienda\/wp-content\/uploads\/2020\/07\/Instrucciones-de-uso-01-350x139.png 350w, https:\/\/hierbasdemexico.com.mx\/tienda\/wp-content\/uploads\/2020\/07\/Instrucciones-de-uso-01.png 640w\" sizes=\"auto, (max-width: 300px) 100vw, 300px\" \/><\/p>\n","protected":false},"featured_media":118,"comment_status":"open","ping_status":"closed","template":"","meta":{"pagelayer_contact_templates":[],"_pagelayer_content":""},"product_brand":[],"product_cat":[315,321,334,336,342,348,350,471,356,364,462,382,17,395,419,424,426,436,440,441,447,457,312],"product_tag":[],"class_list":{"0":"post-117","1":"product","2":"type-product","3":"status-publish","4":"has-post-thumbnail","6":"product_cat-acne-adolescente","7":"product_cat-amamantamiento","8":"product_cat-candida","9":"product_cat-cicatrizacion-de-la-herida","10":"product_cat-condiciones-de-la-piel","11":"product_cat-dermatitis","12":"product_cat-desordenes-gastrointestinales","13":"product_cat-digestion-efecto","14":"product_cat-dismenorrea","15":"product_cat-eczema","16":"product_cat-efecto","17":"product_cat-golpes","18":"product_cat-hierbas","19":"product_cat-infecciones-por-hongos","20":"product_cat-parto","21":"product_cat-problemas-digestivos","22":"product_cat-psoriasis","23":"product_cat-salud-de-la-piel","24":"product_cat-salud-mamaria","25":"product_cat-salud-menstrual","26":"product_cat-sindrome-premenstrual","27":"product_cat-ulceras","28":"product_cat-uso-comun","30":"first","31":"instock","32":"shipping-taxable","33":"purchasable","34":"product-type-variable"},"_links":{"self":[{"href":"https:\/\/hierbasdemexico.com.mx\/tienda\/wp-json\/wp\/v2\/product\/117","targetHints":{"allow":["GET"]}}],"collection":[{"href":"https:\/\/hierbasdemexico.com.mx\/tienda\/wp-json\/wp\/v2\/product"}],"about":[{"href":"https:\/\/hierbasdemexico.com.mx\/tienda\/wp-json\/wp\/v2\/types\/product"}],"replies":[{"embeddable":true,"href":"https:\/\/hierbasdemexico.com.mx\/tienda\/wp-json\/wp\/v2\/comments?post=117"}],"wp:featuredmedia":[{"embeddable":true,"href":"https:\/\/hierbasdemexico.com.mx\/tienda\/wp-json\/wp\/v2\/media\/118"}],"wp:attachment":[{"href":"https:\/\/hierbasdemexico.com.mx\/tienda\/wp-json\/wp\/v2\/media?parent=117"}],"wp:term":[{"taxonomy":"product_brand","embeddable":true,"href":"https:\/\/hierbasdemexico.com.mx\/tienda\/wp-json\/wp\/v2\/product_brand?post=117"},{"taxonomy":"product_cat","embeddable":true,"href":"https:\/\/hierbasdemexico.com.mx\/tienda\/wp-json\/wp\/v2\/product_cat?post=117"},{"taxonomy":"product_tag","embeddable":true,"href":"https:\/\/hierbasdemexico.com.mx\/tienda\/wp-json\/wp\/v2\/product_tag?post=117"}],"curies":[{"name":"wp","href":"https:\/\/api.w.org\/{rel}","templated":true}]}}