{"id":125,"date":"2020-07-22T14:29:14","date_gmt":"2020-07-22T14:29:14","guid":{"rendered":"https:\/\/hierbasdemexico.com.mx\/?post_type=product&#038;p=125"},"modified":"2022-12-11T01:50:01","modified_gmt":"2022-12-11T01:50:01","slug":"menta-verde","status":"publish","type":"product","link":"https:\/\/hierbasdemexico.com.mx\/tienda\/producto\/menta-verde\/","title":{"rendered":"Menta Verde \u2022\u00a0\ud835\ude14\ud835\ude26\ud835\ude2f\ud835\ude35\ud835\ude29\ud835\ude22 \ud835\ude34\ud835\ude31\ud835\ude2a\ud835\ude24\ud835\ude22\ud835\ude35\ud835\ude22"},"content":{"rendered":"","protected":false},"excerpt":{"rendered":"<div class=\"fila\">\n<div class=\"infoTe\">\n<p>Alivia trastornos digestivos, descongestionante, analg\u00e9sico, antis\u00e9ptico, anticoagulante, antif\u00fangico.<\/p>\n<\/div>\n<\/div>\n<p>Modo de preparaci\u00f3n:<\/p>\n<p><img loading=\"lazy\" decoding=\"async\" class=\"alignnone size-medium wp-image-234\" src=\"https:\/\/hierbasdemexico.com.mx\/tienda\/wp-content\/uploads\/2020\/07\/Instrucciones-de-uso-01-300x119.png\" alt=\"\" width=\"300\" height=\"119\" srcset=\"https:\/\/hierbasdemexico.com.mx\/tienda\/wp-content\/uploads\/2020\/07\/Instrucciones-de-uso-01-300x119.png 300w, https:\/\/hierbasdemexico.com.mx\/tienda\/wp-content\/uploads\/2020\/07\/Instrucciones-de-uso-01-350x139.png 350w, https:\/\/hierbasdemexico.com.mx\/tienda\/wp-content\/uploads\/2020\/07\/Instrucciones-de-uso-01.png 640w\" sizes=\"auto, (max-width: 300px) 100vw, 300px\" \/><\/p>\n","protected":false},"featured_media":126,"comment_status":"open","ping_status":"closed","template":"","meta":{"pagelayer_contact_templates":[],"_pagelayer_content":""},"product_brand":[],"product_cat":[318,328,340,343,346,349,350,471,353,357,358,360,361,363,462,371,463,386,17,391,402,411,413,424,457,458,312],"product_tag":[],"class_list":{"0":"post-125","1":"product","2":"type-product","3":"status-publish","4":"has-post-thumbnail","6":"product_cat-alergias","7":"product_cat-bronquitis","8":"product_cat-colico","9":"product_cat-congestion-nasal","10":"product_cat-deficiencias-respiratorias","11":"product_cat-desintoxicacion","12":"product_cat-desordenes-gastrointestinales","13":"product_cat-digestion-efecto","14":"product_cat-digestion","15":"product_cat-dolor","16":"product_cat-dolor-de-cabeza","17":"product_cat-dolor-de-estomago","18":"product_cat-dolor-de-garganta","19":"product_cat-dolor-muscular","20":"product_cat-efecto","21":"product_cat-esguinces","22":"product_cat-estado-de-animo","23":"product_cat-herpes-labial","24":"product_cat-hierbas","25":"product_cat-indigestion","26":"product_cat-limpieza-de-colon","27":"product_cat-migranas","28":"product_cat-nausea","29":"product_cat-problemas-digestivos","30":"product_cat-ulceras","31":"product_cat-ulceras-estomacales","32":"product_cat-uso-comun","34":"first","35":"instock","36":"shipping-taxable","37":"purchasable","38":"product-type-variable"},"_links":{"self":[{"href":"https:\/\/hierbasdemexico.com.mx\/tienda\/wp-json\/wp\/v2\/product\/125","targetHints":{"allow":["GET"]}}],"collection":[{"href":"https:\/\/hierbasdemexico.com.mx\/tienda\/wp-json\/wp\/v2\/product"}],"about":[{"href":"https:\/\/hierbasdemexico.com.mx\/tienda\/wp-json\/wp\/v2\/types\/product"}],"replies":[{"embeddable":true,"href":"https:\/\/hierbasdemexico.com.mx\/tienda\/wp-json\/wp\/v2\/comments?post=125"}],"wp:featuredmedia":[{"embeddable":true,"href":"https:\/\/hierbasdemexico.com.mx\/tienda\/wp-json\/wp\/v2\/media\/126"}],"wp:attachment":[{"href":"https:\/\/hierbasdemexico.com.mx\/tienda\/wp-json\/wp\/v2\/media?parent=125"}],"wp:term":[{"taxonomy":"product_brand","embeddable":true,"href":"https:\/\/hierbasdemexico.com.mx\/tienda\/wp-json\/wp\/v2\/product_brand?post=125"},{"taxonomy":"product_cat","embeddable":true,"href":"https:\/\/hierbasdemexico.com.mx\/tienda\/wp-json\/wp\/v2\/product_cat?post=125"},{"taxonomy":"product_tag","embeddable":true,"href":"https:\/\/hierbasdemexico.com.mx\/tienda\/wp-json\/wp\/v2\/product_tag?post=125"}],"curies":[{"name":"wp","href":"https:\/\/api.w.org\/{rel}","templated":true}]}}