{"id":140,"date":"2020-07-22T15:05:07","date_gmt":"2020-07-22T15:05:07","guid":{"rendered":"https:\/\/hierbasdemexico.com.mx\/?post_type=product&#038;p=140"},"modified":"2022-12-11T01:35:44","modified_gmt":"2022-12-11T01:35:44","slug":"hoja-de-guanabana","status":"publish","type":"product","link":"https:\/\/hierbasdemexico.com.mx\/tienda\/producto\/hoja-de-guanabana\/","title":{"rendered":"Hoja de guan\u00e1bana \u2022 \ud835\ude08\ud835\ude2f\ud835\ude2f\ud835\ude30\ud835\ude2f\ud835\ude22 \ud835\ude2e\ud835\ude36\ud835\ude33\ud835\ude2a\ud835\ude24\ud835\ude22\ud835\ude35\ud835\ude22"},"content":{"rendered":"","protected":false},"excerpt":{"rendered":"<p class=\"p1\"><b>Presentaci\u00f3n: ENTERO<\/b><\/p>\n<p>Antiparasitaria, antiinflamatoria, antirreum\u00e1tica y antibi\u00f3tica. Antimicrobiana y antiparasitaria. Vasodilatador, antipir\u00e9tico y antidepresivo.<\/p>\n<p>Modo de preparaci\u00f3n:<\/p>\n<p><img loading=\"lazy\" decoding=\"async\" class=\"alignnone size-medium wp-image-234\" src=\"https:\/\/hierbasdemexico.com.mx\/tienda\/wp-content\/uploads\/2020\/07\/Instrucciones-de-uso-01-300x119.png\" alt=\"\" width=\"300\" height=\"119\" srcset=\"https:\/\/hierbasdemexico.com.mx\/tienda\/wp-content\/uploads\/2020\/07\/Instrucciones-de-uso-01-300x119.png 300w, https:\/\/hierbasdemexico.com.mx\/tienda\/wp-content\/uploads\/2020\/07\/Instrucciones-de-uso-01-350x139.png 350w, https:\/\/hierbasdemexico.com.mx\/tienda\/wp-content\/uploads\/2020\/07\/Instrucciones-de-uso-01.png 640w\" sizes=\"auto, (max-width: 300px) 100vw, 300px\" \/><\/p>\n","protected":false},"featured_media":152,"comment_status":"open","ping_status":"closed","template":"","meta":{"pagelayer_contact_templates":[],"_pagelayer_content":""},"product_brand":[],"product_cat":[324,325,468,333,339,347,351,471,360,462,368,463,378,17,397,399,418,420,421,472,457,312],"product_tag":[],"class_list":{"0":"post-140","1":"product","2":"type-product","3":"status-publish","4":"has-post-thumbnail","6":"product_cat-anti-envejecimiento","7":"product_cat-antioxidante","8":"product_cat-bien-dormir","9":"product_cat-cancer","10":"product_cat-colesterol-alto","11":"product_cat-depresion","12":"product_cat-diabetes","13":"product_cat-digestion-efecto","14":"product_cat-dolor-de-estomago","15":"product_cat-efecto","16":"product_cat-envejecimiento-prematuro","17":"product_cat-estado-de-animo","18":"product_cat-fiebre","19":"product_cat-hierbas","20":"product_cat-inflamacion","21":"product_cat-insomnio","22":"product_cat-parasitos","23":"product_cat-perdida-de-peso","24":"product_cat-presion-alta","25":"product_cat-sistema-inmune","26":"product_cat-ulceras","27":"product_cat-uso-comun","29":"first","30":"instock","31":"shipping-taxable","32":"purchasable","33":"product-type-variable"},"_links":{"self":[{"href":"https:\/\/hierbasdemexico.com.mx\/tienda\/wp-json\/wp\/v2\/product\/140","targetHints":{"allow":["GET"]}}],"collection":[{"href":"https:\/\/hierbasdemexico.com.mx\/tienda\/wp-json\/wp\/v2\/product"}],"about":[{"href":"https:\/\/hierbasdemexico.com.mx\/tienda\/wp-json\/wp\/v2\/types\/product"}],"replies":[{"embeddable":true,"href":"https:\/\/hierbasdemexico.com.mx\/tienda\/wp-json\/wp\/v2\/comments?post=140"}],"wp:featuredmedia":[{"embeddable":true,"href":"https:\/\/hierbasdemexico.com.mx\/tienda\/wp-json\/wp\/v2\/media\/152"}],"wp:attachment":[{"href":"https:\/\/hierbasdemexico.com.mx\/tienda\/wp-json\/wp\/v2\/media?parent=140"}],"wp:term":[{"taxonomy":"product_brand","embeddable":true,"href":"https:\/\/hierbasdemexico.com.mx\/tienda\/wp-json\/wp\/v2\/product_brand?post=140"},{"taxonomy":"product_cat","embeddable":true,"href":"https:\/\/hierbasdemexico.com.mx\/tienda\/wp-json\/wp\/v2\/product_cat?post=140"},{"taxonomy":"product_tag","embeddable":true,"href":"https:\/\/hierbasdemexico.com.mx\/tienda\/wp-json\/wp\/v2\/product_tag?post=140"}],"curies":[{"name":"wp","href":"https:\/\/api.w.org\/{rel}","templated":true}]}}