{"id":143,"date":"2020-08-04T17:50:57","date_gmt":"2020-08-04T17:50:57","guid":{"rendered":"https:\/\/hierbasdemexico.com.mx\/?post_type=product&#038;p=143"},"modified":"2022-07-05T17:40:41","modified_gmt":"2022-07-05T17:40:41","slug":"cardamomo-sin-cascara","status":"publish","type":"product","link":"https:\/\/hierbasdemexico.com.mx\/tienda\/producto\/cardamomo-sin-cascara\/","title":{"rendered":"Semilla de cardamomo \u2022 \ud835\ude0c\ud835\ude2d\ud835\ude26\ud835\ude35\ud835\ude35\ud835\ude22\ud835\ude33\ud835\ude2a\ud835\ude22 \ud835\ude24\ud835\ude22\ud835\ude33\ud835\ude25\ud835\ude22\ud835\ude2e\ud835\ude30\ud835\ude2e\ud835\ude36\ud835\ude2e"},"content":{"rendered":"","protected":false},"excerpt":{"rendered":"<p><strong>Presentaci\u00f3n: ENTERO<\/strong><\/p>\n<p>Diur\u00e9tico, acelerador del metabolismo. Antidiab\u00e9tico, anticancer\u00edgeno, antioxidante y expectorante. Afrodisiaco.<\/p>\n<p>Modo de preparaci\u00f3n:<\/p>\n<p><img loading=\"lazy\" decoding=\"async\" class=\"alignnone size-medium wp-image-234\" src=\"https:\/\/hierbasdemexico.com.mx\/tienda\/wp-content\/uploads\/2020\/07\/Instrucciones-de-uso-01-300x119.png\" alt=\"\" width=\"300\" height=\"119\" srcset=\"https:\/\/hierbasdemexico.com.mx\/tienda\/wp-content\/uploads\/2020\/07\/Instrucciones-de-uso-01-300x119.png 300w, https:\/\/hierbasdemexico.com.mx\/tienda\/wp-content\/uploads\/2020\/07\/Instrucciones-de-uso-01-350x139.png 350w, https:\/\/hierbasdemexico.com.mx\/tienda\/wp-content\/uploads\/2020\/07\/Instrucciones-de-uso-01.png 640w\" sizes=\"auto, (max-width: 300px) 100vw, 300px\" \/><\/p>\n","protected":false},"featured_media":1295,"comment_status":"open","ping_status":"closed","template":"","meta":{"pagelayer_contact_templates":[],"_pagelayer_content":""},"product_brand":[],"product_cat":[465,318,323,325,326,328,337,473,467,471,353,462,22,463,373,375,376,17,393,395,404,405,409,420,433,435,436,447,312],"product_tag":[],"class_list":{"0":"post-143","1":"product","2":"type-product","3":"status-publish","4":"has-post-thumbnail","6":"product_cat-afrodisiaco-efecto","7":"product_cat-alergias","8":"product_cat-ansiedad","9":"product_cat-antioxidante","10":"product_cat-artritis","11":"product_cat-bronquitis","12":"product_cat-circulacion","13":"product_cat-cuidado-de-la-piel","14":"product_cat-detox","15":"product_cat-digestion-efecto","16":"product_cat-digestion","17":"product_cat-efecto","18":"product_cat-especias","19":"product_cat-estado-de-animo","20":"product_cat-estimulante-del-apetito","21":"product_cat-estres","22":"product_cat-fatiga","23":"product_cat-hierbas","24":"product_cat-infecciones","25":"product_cat-infecciones-por-hongos","26":"product_cat-manchas","27":"product_cat-mejora-del-estado-de-animo","28":"product_cat-metabolismo","29":"product_cat-perdida-de-peso","30":"product_cat-resfriado-y-gripe","31":"product_cat-salud-cardiovascular","32":"product_cat-salud-de-la-piel","33":"product_cat-sindrome-premenstrual","34":"product_cat-uso-comun","36":"first","37":"instock","38":"shipping-taxable","39":"purchasable","40":"product-type-variable"},"_links":{"self":[{"href":"https:\/\/hierbasdemexico.com.mx\/tienda\/wp-json\/wp\/v2\/product\/143","targetHints":{"allow":["GET"]}}],"collection":[{"href":"https:\/\/hierbasdemexico.com.mx\/tienda\/wp-json\/wp\/v2\/product"}],"about":[{"href":"https:\/\/hierbasdemexico.com.mx\/tienda\/wp-json\/wp\/v2\/types\/product"}],"replies":[{"embeddable":true,"href":"https:\/\/hierbasdemexico.com.mx\/tienda\/wp-json\/wp\/v2\/comments?post=143"}],"wp:featuredmedia":[{"embeddable":true,"href":"https:\/\/hierbasdemexico.com.mx\/tienda\/wp-json\/wp\/v2\/media\/1295"}],"wp:attachment":[{"href":"https:\/\/hierbasdemexico.com.mx\/tienda\/wp-json\/wp\/v2\/media?parent=143"}],"wp:term":[{"taxonomy":"product_brand","embeddable":true,"href":"https:\/\/hierbasdemexico.com.mx\/tienda\/wp-json\/wp\/v2\/product_brand?post=143"},{"taxonomy":"product_cat","embeddable":true,"href":"https:\/\/hierbasdemexico.com.mx\/tienda\/wp-json\/wp\/v2\/product_cat?post=143"},{"taxonomy":"product_tag","embeddable":true,"href":"https:\/\/hierbasdemexico.com.mx\/tienda\/wp-json\/wp\/v2\/product_tag?post=143"}],"curies":[{"name":"wp","href":"https:\/\/api.w.org\/{rel}","templated":true}]}}