{"id":160,"date":"2020-07-24T20:01:00","date_gmt":"2020-07-24T20:01:00","guid":{"rendered":"https:\/\/hierbasdemexico.com.mx\/?post_type=product&#038;p=160"},"modified":"2022-12-11T01:30:35","modified_gmt":"2022-12-11T01:30:35","slug":"rosa-de-castilla","status":"publish","type":"product","link":"https:\/\/hierbasdemexico.com.mx\/tienda\/producto\/rosa-de-castilla\/","title":{"rendered":"Rosa de Castilla p\u00e9talo \u2022 \ud835\ude19\ud835\ude30\ud835\ude34\ud835\ude22 \ud835\ude0e\ud835\ude22\ud835\ude2d\ud835\ude2d\ud835\ude2a\ud835\ude24\ud835\ude22"},"content":{"rendered":"","protected":false},"excerpt":{"rendered":"<p class=\"p1\"><b>Presentaci\u00f3n: ENTERO<\/b><\/p>\n<p>Antidepresivo, antiinflamatorio, antis\u00e9ptico, afrodis\u00edaco, bactericida, depurativo, diur\u00e9tico y sedante.<\/p>\n<p>Modo de preparaci\u00f3n:<\/p>\n<p><img loading=\"lazy\" decoding=\"async\" class=\"alignnone size-medium wp-image-234\" src=\"https:\/\/hierbasdemexico.com.mx\/tienda\/wp-content\/uploads\/2020\/07\/Instrucciones-de-uso-01-300x119.png\" alt=\"\" width=\"300\" height=\"119\" srcset=\"https:\/\/hierbasdemexico.com.mx\/tienda\/wp-content\/uploads\/2020\/07\/Instrucciones-de-uso-01-300x119.png 300w, https:\/\/hierbasdemexico.com.mx\/tienda\/wp-content\/uploads\/2020\/07\/Instrucciones-de-uso-01-350x139.png 350w, https:\/\/hierbasdemexico.com.mx\/tienda\/wp-content\/uploads\/2020\/07\/Instrucciones-de-uso-01.png 640w\" sizes=\"auto, (max-width: 300px) 100vw, 300px\" \/><\/p>\n","protected":false},"featured_media":158,"comment_status":"open","ping_status":"closed","template":"","meta":{"pagelayer_contact_templates":[],"_pagelayer_content":""},"product_brand":[],"product_cat":[465,470,341,473,467,352,358,462,463,17,424,466,436,312],"product_tag":[],"class_list":{"0":"post-160","1":"product","2":"type-product","3":"status-publish","4":"has-post-thumbnail","6":"product_cat-afrodisiaco-efecto","7":"product_cat-bienestar","8":"product_cat-colicos-menstruales","9":"product_cat-cuidado-de-la-piel","10":"product_cat-detox","11":"product_cat-diarrea","12":"product_cat-dolor-de-cabeza","13":"product_cat-efecto","14":"product_cat-estado-de-animo","15":"product_cat-hierbas","16":"product_cat-problemas-digestivos","17":"product_cat-relax","18":"product_cat-salud-de-la-piel","19":"product_cat-uso-comun","21":"first","22":"instock","23":"shipping-taxable","24":"purchasable","25":"product-type-variable"},"_links":{"self":[{"href":"https:\/\/hierbasdemexico.com.mx\/tienda\/wp-json\/wp\/v2\/product\/160","targetHints":{"allow":["GET"]}}],"collection":[{"href":"https:\/\/hierbasdemexico.com.mx\/tienda\/wp-json\/wp\/v2\/product"}],"about":[{"href":"https:\/\/hierbasdemexico.com.mx\/tienda\/wp-json\/wp\/v2\/types\/product"}],"replies":[{"embeddable":true,"href":"https:\/\/hierbasdemexico.com.mx\/tienda\/wp-json\/wp\/v2\/comments?post=160"}],"wp:featuredmedia":[{"embeddable":true,"href":"https:\/\/hierbasdemexico.com.mx\/tienda\/wp-json\/wp\/v2\/media\/158"}],"wp:attachment":[{"href":"https:\/\/hierbasdemexico.com.mx\/tienda\/wp-json\/wp\/v2\/media?parent=160"}],"wp:term":[{"taxonomy":"product_brand","embeddable":true,"href":"https:\/\/hierbasdemexico.com.mx\/tienda\/wp-json\/wp\/v2\/product_brand?post=160"},{"taxonomy":"product_cat","embeddable":true,"href":"https:\/\/hierbasdemexico.com.mx\/tienda\/wp-json\/wp\/v2\/product_cat?post=160"},{"taxonomy":"product_tag","embeddable":true,"href":"https:\/\/hierbasdemexico.com.mx\/tienda\/wp-json\/wp\/v2\/product_tag?post=160"}],"curies":[{"name":"wp","href":"https:\/\/api.w.org\/{rel}","templated":true}]}}