{"id":193,"date":"2020-07-30T16:59:17","date_gmt":"2020-07-30T16:59:17","guid":{"rendered":"https:\/\/hierbasdemexico.com.mx\/?post_type=product&#038;p=193"},"modified":"2022-07-12T14:16:08","modified_gmt":"2022-07-12T14:16:08","slug":"hojas-de-guayaba","status":"publish","type":"product","link":"https:\/\/hierbasdemexico.com.mx\/tienda\/producto\/hojas-de-guayaba\/","title":{"rendered":"Hojas de Guayaba \u2022 \ud835\ude17\ud835\ude34\ud835\ude2a\ud835\ude25\ud835\ude2a\ud835\ude36\ud835\ude2e \ud835\ude28\ud835\ude36\ud835\ude22\ud835\ude2b\ud835\ude22\ud835\ude37\ud835\ude22 \ud835\ude13"},"content":{"rendered":"","protected":false},"excerpt":{"rendered":"<p class=\"p1\"><b>Presentaci\u00f3n: ENTERO<\/b><\/p>\n<p>Antitus\u00edgena, antipir\u00e9tico y expectorante. Antis\u00e9ptico y antibi\u00f3tico.<\/p>\n<p>Modo de preparaci\u00f3n:<\/p>\n<p><img loading=\"lazy\" decoding=\"async\" class=\"alignnone size-medium wp-image-234\" src=\"https:\/\/hierbasdemexico.com.mx\/tienda\/wp-content\/uploads\/2020\/07\/Instrucciones-de-uso-01-300x119.png\" alt=\"\" width=\"300\" height=\"119\" srcset=\"https:\/\/hierbasdemexico.com.mx\/tienda\/wp-content\/uploads\/2020\/07\/Instrucciones-de-uso-01-300x119.png 300w, https:\/\/hierbasdemexico.com.mx\/tienda\/wp-content\/uploads\/2020\/07\/Instrucciones-de-uso-01-350x139.png 350w, https:\/\/hierbasdemexico.com.mx\/tienda\/wp-content\/uploads\/2020\/07\/Instrucciones-de-uso-01.png 640w\" sizes=\"auto, (max-width: 300px) 100vw, 300px\" \/><\/p>\n","protected":false},"featured_media":198,"comment_status":"open","ping_status":"closed","template":"","meta":{"pagelayer_contact_templates":[],"_pagelayer_content":""},"product_brand":[],"product_cat":[318,325,326,468,336,342,473,345,350,467,352,357,362,462,17,397,399,409,420,435,436,472,448,457,312],"product_tag":[],"class_list":{"0":"post-193","1":"product","2":"type-product","3":"status-publish","4":"has-post-thumbnail","6":"product_cat-alergias","7":"product_cat-antioxidante","8":"product_cat-artritis","9":"product_cat-bien-dormir","10":"product_cat-cicatrizacion-de-la-herida","11":"product_cat-condiciones-de-la-piel","12":"product_cat-cuidado-de-la-piel","13":"product_cat-debilidad","14":"product_cat-desordenes-gastrointestinales","15":"product_cat-detox","16":"product_cat-diarrea","17":"product_cat-dolor","18":"product_cat-dolor-en-las-articulaciones","19":"product_cat-efecto","20":"product_cat-hierbas","21":"product_cat-inflamacion","22":"product_cat-insomnio","23":"product_cat-metabolismo","24":"product_cat-perdida-de-peso","25":"product_cat-salud-cardiovascular","26":"product_cat-salud-de-la-piel","27":"product_cat-sistema-inmune","28":"product_cat-sistema-nervioso","29":"product_cat-ulceras","30":"product_cat-uso-comun","32":"first","33":"instock","34":"shipping-taxable","35":"purchasable","36":"product-type-variable"},"_links":{"self":[{"href":"https:\/\/hierbasdemexico.com.mx\/tienda\/wp-json\/wp\/v2\/product\/193","targetHints":{"allow":["GET"]}}],"collection":[{"href":"https:\/\/hierbasdemexico.com.mx\/tienda\/wp-json\/wp\/v2\/product"}],"about":[{"href":"https:\/\/hierbasdemexico.com.mx\/tienda\/wp-json\/wp\/v2\/types\/product"}],"replies":[{"embeddable":true,"href":"https:\/\/hierbasdemexico.com.mx\/tienda\/wp-json\/wp\/v2\/comments?post=193"}],"wp:featuredmedia":[{"embeddable":true,"href":"https:\/\/hierbasdemexico.com.mx\/tienda\/wp-json\/wp\/v2\/media\/198"}],"wp:attachment":[{"href":"https:\/\/hierbasdemexico.com.mx\/tienda\/wp-json\/wp\/v2\/media?parent=193"}],"wp:term":[{"taxonomy":"product_brand","embeddable":true,"href":"https:\/\/hierbasdemexico.com.mx\/tienda\/wp-json\/wp\/v2\/product_brand?post=193"},{"taxonomy":"product_cat","embeddable":true,"href":"https:\/\/hierbasdemexico.com.mx\/tienda\/wp-json\/wp\/v2\/product_cat?post=193"},{"taxonomy":"product_tag","embeddable":true,"href":"https:\/\/hierbasdemexico.com.mx\/tienda\/wp-json\/wp\/v2\/product_tag?post=193"}],"curies":[{"name":"wp","href":"https:\/\/api.w.org\/{rel}","templated":true}]}}