{"id":203,"date":"2020-07-30T21:49:48","date_gmt":"2020-07-30T21:49:48","guid":{"rendered":"https:\/\/hierbasdemexico.com.mx\/?post_type=product&#038;p=203"},"modified":"2022-07-12T14:15:17","modified_gmt":"2022-07-12T14:15:17","slug":"cola-de-caballo","status":"publish","type":"product","link":"https:\/\/hierbasdemexico.com.mx\/tienda\/producto\/cola-de-caballo\/","title":{"rendered":"Cola de caballo \u2022 \ud835\ude0c\ud835\ude32\ud835\ude36\ud835\ude2a\ud835\ude34\ud835\ude26\ud835\ude35\ud835\ude36\ud835\ude2e \ud835\ude22\ud835\ude33\ud835\ude37\ud835\ude26\ud835\ude2f\ud835\ude34\ud835\ude26"},"content":{"rendered":"","protected":false},"excerpt":{"rendered":"<p class=\"p1\"><b>Presentaci\u00f3n: TRITURADO<\/b><\/p>\n<p>Diur\u00e9tico, antiinflamatorio. Astringente, antis\u00e9ptico, antihemorr\u00e1gico y cicatrizante<\/p>\n<p>Modo de preparaci\u00f3n:<\/p>\n<p><img loading=\"lazy\" decoding=\"async\" class=\"alignnone size-medium wp-image-234\" src=\"https:\/\/hierbasdemexico.com.mx\/tienda\/wp-content\/uploads\/2020\/07\/Instrucciones-de-uso-01-300x119.png\" alt=\"\" width=\"300\" height=\"119\" srcset=\"https:\/\/hierbasdemexico.com.mx\/tienda\/wp-content\/uploads\/2020\/07\/Instrucciones-de-uso-01-300x119.png 300w, https:\/\/hierbasdemexico.com.mx\/tienda\/wp-content\/uploads\/2020\/07\/Instrucciones-de-uso-01-350x139.png 350w, https:\/\/hierbasdemexico.com.mx\/tienda\/wp-content\/uploads\/2020\/07\/Instrucciones-de-uso-01.png 640w\" sizes=\"auto, (max-width: 300px) 100vw, 300px\" \/><\/p>\n","protected":false},"featured_media":204,"comment_status":"open","ping_status":"closed","template":"","meta":{"pagelayer_contact_templates":[],"_pagelayer_content":""},"product_brand":[],"product_cat":[470,330,365,462,17,387,390,394,396,443,312],"product_tag":[],"class_list":{"0":"post-203","1":"product","2":"type-product","3":"status-publish","4":"has-post-thumbnail","6":"product_cat-bienestar","7":"product_cat-cabello-y-unas","8":"product_cat-edema","9":"product_cat-efecto","10":"product_cat-hierbas","11":"product_cat-huesos-y-tejidos","12":"product_cat-incontinencia-urinaria","13":"product_cat-infecciones-del-tracto-urinario","14":"product_cat-infecciones-renales","15":"product_cat-salud-renal","16":"product_cat-uso-comun","18":"first","19":"instock","20":"shipping-taxable","21":"purchasable","22":"product-type-variable"},"_links":{"self":[{"href":"https:\/\/hierbasdemexico.com.mx\/tienda\/wp-json\/wp\/v2\/product\/203","targetHints":{"allow":["GET"]}}],"collection":[{"href":"https:\/\/hierbasdemexico.com.mx\/tienda\/wp-json\/wp\/v2\/product"}],"about":[{"href":"https:\/\/hierbasdemexico.com.mx\/tienda\/wp-json\/wp\/v2\/types\/product"}],"replies":[{"embeddable":true,"href":"https:\/\/hierbasdemexico.com.mx\/tienda\/wp-json\/wp\/v2\/comments?post=203"}],"wp:featuredmedia":[{"embeddable":true,"href":"https:\/\/hierbasdemexico.com.mx\/tienda\/wp-json\/wp\/v2\/media\/204"}],"wp:attachment":[{"href":"https:\/\/hierbasdemexico.com.mx\/tienda\/wp-json\/wp\/v2\/media?parent=203"}],"wp:term":[{"taxonomy":"product_brand","embeddable":true,"href":"https:\/\/hierbasdemexico.com.mx\/tienda\/wp-json\/wp\/v2\/product_brand?post=203"},{"taxonomy":"product_cat","embeddable":true,"href":"https:\/\/hierbasdemexico.com.mx\/tienda\/wp-json\/wp\/v2\/product_cat?post=203"},{"taxonomy":"product_tag","embeddable":true,"href":"https:\/\/hierbasdemexico.com.mx\/tienda\/wp-json\/wp\/v2\/product_tag?post=203"}],"curies":[{"name":"wp","href":"https:\/\/api.w.org\/{rel}","templated":true}]}}