{"id":478,"date":"2020-10-06T16:31:38","date_gmt":"2020-10-06T16:31:38","guid":{"rendered":"https:\/\/hierbasdemexico.com.mx\/tienda\/?post_type=product&#038;p=478"},"modified":"2022-07-08T14:52:59","modified_gmt":"2022-07-08T14:52:59","slug":"romero-salvia-rosmarinus","status":"publish","type":"product","link":"https:\/\/hierbasdemexico.com.mx\/tienda\/producto\/romero-salvia-rosmarinus\/","title":{"rendered":"Romero \u2022 \ud835\ude19\ud835\ude30\ud835\ude34\ud835\ude2e\ud835\ude22\ud835\ude33\ud835\ude2a\ud835\ude2f\ud835\ude36\ud835\ude34 \ud835\ude30\ud835\ude27\ud835\ude27\ud835\ude2a\ud835\ude24\ud835\ude2a\ud835\ude2f\ud835\ude22\ud835\ude2d\ud835\ude2a\ud835\ude34"},"content":{"rendered":"","protected":false},"excerpt":{"rendered":"<p class=\"p1\"><b>Presentaci\u00f3n: TRITURADO<\/b><\/p>\n<p>Astringente, reguladora del sistema nervioso, carminativa, antis\u00e9ptica, diafor\u00e9tica, antidepresiva, estimulante circulatoria, antiespasm\u00f3dica, colagoga y diur\u00e9tica. Rubefaciente t\u00f3pico y analg\u00e9sico (aceite esencial)<\/p>\n<p>Modo de preparaci\u00f3n:<\/p>\n<p><img loading=\"lazy\" decoding=\"async\" class=\"alignnone size-medium wp-image-234\" src=\"https:\/\/hierbasdemexico.com.mx\/tienda\/wp-content\/uploads\/2020\/07\/Instrucciones-de-uso-01-300x119.png\" alt=\"\" width=\"300\" height=\"119\" srcset=\"https:\/\/hierbasdemexico.com.mx\/tienda\/wp-content\/uploads\/2020\/07\/Instrucciones-de-uso-01-300x119.png 300w, https:\/\/hierbasdemexico.com.mx\/tienda\/wp-content\/uploads\/2020\/07\/Instrucciones-de-uso-01-350x139.png 350w, https:\/\/hierbasdemexico.com.mx\/tienda\/wp-content\/uploads\/2020\/07\/Instrucciones-de-uso-01.png 640w\" sizes=\"auto, (max-width: 300px) 100vw, 300px\" \/><\/p>\n","protected":false},"featured_media":481,"comment_status":"open","ping_status":"closed","template":"","meta":{"pagelayer_contact_templates":[],"_pagelayer_content":""},"product_brand":[],"product_cat":[325,326,340,342,473,348,353,471,356,358,363,462,17,397,424,436,457,458,312],"product_tag":[],"class_list":{"0":"post-478","1":"product","2":"type-product","3":"status-publish","4":"has-post-thumbnail","6":"product_cat-antioxidante","7":"product_cat-artritis","8":"product_cat-colico","9":"product_cat-condiciones-de-la-piel","10":"product_cat-cuidado-de-la-piel","11":"product_cat-dermatitis","12":"product_cat-digestion","13":"product_cat-digestion-efecto","14":"product_cat-dismenorrea","15":"product_cat-dolor-de-cabeza","16":"product_cat-dolor-muscular","17":"product_cat-efecto","18":"product_cat-hierbas","19":"product_cat-inflamacion","20":"product_cat-problemas-digestivos","21":"product_cat-salud-de-la-piel","22":"product_cat-ulceras","23":"product_cat-ulceras-estomacales","24":"product_cat-uso-comun","26":"first","27":"instock","28":"shipping-taxable","29":"purchasable","30":"product-type-variable"},"_links":{"self":[{"href":"https:\/\/hierbasdemexico.com.mx\/tienda\/wp-json\/wp\/v2\/product\/478","targetHints":{"allow":["GET"]}}],"collection":[{"href":"https:\/\/hierbasdemexico.com.mx\/tienda\/wp-json\/wp\/v2\/product"}],"about":[{"href":"https:\/\/hierbasdemexico.com.mx\/tienda\/wp-json\/wp\/v2\/types\/product"}],"replies":[{"embeddable":true,"href":"https:\/\/hierbasdemexico.com.mx\/tienda\/wp-json\/wp\/v2\/comments?post=478"}],"wp:featuredmedia":[{"embeddable":true,"href":"https:\/\/hierbasdemexico.com.mx\/tienda\/wp-json\/wp\/v2\/media\/481"}],"wp:attachment":[{"href":"https:\/\/hierbasdemexico.com.mx\/tienda\/wp-json\/wp\/v2\/media?parent=478"}],"wp:term":[{"taxonomy":"product_brand","embeddable":true,"href":"https:\/\/hierbasdemexico.com.mx\/tienda\/wp-json\/wp\/v2\/product_brand?post=478"},{"taxonomy":"product_cat","embeddable":true,"href":"https:\/\/hierbasdemexico.com.mx\/tienda\/wp-json\/wp\/v2\/product_cat?post=478"},{"taxonomy":"product_tag","embeddable":true,"href":"https:\/\/hierbasdemexico.com.mx\/tienda\/wp-json\/wp\/v2\/product_tag?post=478"}],"curies":[{"name":"wp","href":"https:\/\/api.w.org\/{rel}","templated":true}]}}