{"id":571,"date":"2021-01-21T23:43:25","date_gmt":"2021-01-21T23:43:25","guid":{"rendered":"https:\/\/hierbasdemexico.com.mx\/tienda\/?post_type=product&#038;p=571"},"modified":"2022-12-11T01:24:53","modified_gmt":"2022-12-11T01:24:53","slug":"rhodiola-2","status":"publish","type":"product","link":"https:\/\/hierbasdemexico.com.mx\/tienda\/producto\/rhodiola-2\/","title":{"rendered":"Rhodiola \u2022 \ud835\ude19\ud835\ude29\ud835\ude30\ud835\ude25\ud835\ude2a\ud835\ude30\ud835\ude2d\ud835\ude22 \ud835\ude33\ud835\ude30\ud835\ude34\ud835\ude26\ud835\ude22"},"content":{"rendered":"","protected":false},"excerpt":{"rendered":"<p class=\"p1\"><b>Presentaci\u00f3n: POLVO<\/b><\/p>\n<p>Revitalizador de energ\u00eda y estado de \u00e1nimo. Controlar el estr\u00e9s, mejorar los s\u00edntomas de la depresi\u00f3n y disminuir la ansiedad.<\/p>\n<p>Modo de preparaci\u00f3n:<\/p>\n<p><img loading=\"lazy\" decoding=\"async\" class=\"alignnone size-medium wp-image-234\" src=\"https:\/\/hierbasdemexico.com.mx\/tienda\/wp-content\/uploads\/2020\/07\/Instrucciones-de-uso-01-300x119.png\" alt=\"\" width=\"300\" height=\"119\" srcset=\"https:\/\/hierbasdemexico.com.mx\/tienda\/wp-content\/uploads\/2020\/07\/Instrucciones-de-uso-01-300x119.png 300w, https:\/\/hierbasdemexico.com.mx\/tienda\/wp-content\/uploads\/2020\/07\/Instrucciones-de-uso-01-350x139.png 350w, https:\/\/hierbasdemexico.com.mx\/tienda\/wp-content\/uploads\/2020\/07\/Instrucciones-de-uso-01.png 640w\" sizes=\"auto, (max-width: 300px) 100vw, 300px\" \/><\/p>\n","protected":false},"featured_media":425,"comment_status":"open","ping_status":"closed","template":"","meta":{"pagelayer_contact_templates":[],"_pagelayer_content":""},"product_brand":[],"product_cat":[465,468,344,345,347,462,464,368,463,375,376,379,380,381,17,475,398,403,405,406,431,448,454,312,461],"product_tag":[],"class_list":{"0":"post-571","1":"product","2":"type-product","3":"status-publish","4":"has-post-thumbnail","6":"product_cat-afrodisiaco-efecto","7":"product_cat-bien-dormir","8":"product_cat-convalecencia","9":"product_cat-debilidad","10":"product_cat-depresion","11":"product_cat-efecto","12":"product_cat-energia-efecto","13":"product_cat-envejecimiento-prematuro","14":"product_cat-estado-de-animo","15":"product_cat-estres","16":"product_cat-fatiga","17":"product_cat-funcion-del-cerebro","18":"product_cat-funcion-sexual","19":"product_cat-glandulas-suprarrenales","20":"product_cat-hierbas","21":"product_cat-hierbas-del-mundo","22":"product_cat-inmunidad","23":"product_cat-longevidad","24":"product_cat-mejora-del-estado-de-animo","25":"product_cat-memoria","26":"product_cat-relajacion","27":"product_cat-sistema-nervioso","28":"product_cat-tonico-energetico","29":"product_cat-uso-comun","30":"product_cat-vitalidad","32":"first","33":"instock","34":"shipping-taxable","35":"purchasable","36":"product-type-variable"},"_links":{"self":[{"href":"https:\/\/hierbasdemexico.com.mx\/tienda\/wp-json\/wp\/v2\/product\/571","targetHints":{"allow":["GET"]}}],"collection":[{"href":"https:\/\/hierbasdemexico.com.mx\/tienda\/wp-json\/wp\/v2\/product"}],"about":[{"href":"https:\/\/hierbasdemexico.com.mx\/tienda\/wp-json\/wp\/v2\/types\/product"}],"replies":[{"embeddable":true,"href":"https:\/\/hierbasdemexico.com.mx\/tienda\/wp-json\/wp\/v2\/comments?post=571"}],"wp:featuredmedia":[{"embeddable":true,"href":"https:\/\/hierbasdemexico.com.mx\/tienda\/wp-json\/wp\/v2\/media\/425"}],"wp:attachment":[{"href":"https:\/\/hierbasdemexico.com.mx\/tienda\/wp-json\/wp\/v2\/media?parent=571"}],"wp:term":[{"taxonomy":"product_brand","embeddable":true,"href":"https:\/\/hierbasdemexico.com.mx\/tienda\/wp-json\/wp\/v2\/product_brand?post=571"},{"taxonomy":"product_cat","embeddable":true,"href":"https:\/\/hierbasdemexico.com.mx\/tienda\/wp-json\/wp\/v2\/product_cat?post=571"},{"taxonomy":"product_tag","embeddable":true,"href":"https:\/\/hierbasdemexico.com.mx\/tienda\/wp-json\/wp\/v2\/product_tag?post=571"}],"curies":[{"name":"wp","href":"https:\/\/api.w.org\/{rel}","templated":true}]}}