{"id":73,"date":"2020-07-15T13:29:25","date_gmt":"2020-07-15T13:29:25","guid":{"rendered":"http:\/\/hierbasdemexico.com.mx\/?post_type=product&#038;p=73"},"modified":"2024-03-26T04:13:43","modified_gmt":"2024-03-26T04:13:43","slug":"gastritis","status":"publish","type":"product","link":"https:\/\/hierbasdemexico.com.mx\/tienda\/producto\/gastritis\/","title":{"rendered":"Gastromax"},"content":{"rendered":"","protected":false},"excerpt":{"rendered":"<p><strong>Presentaci\u00f3n: TRITURADO<\/strong><\/p>\n<p>Acidez estomacal, \u00falceras, inflamaci\u00f3n de la boca del est\u00f3mago y cicatrizante.<\/p>\n<p>Modo de preparaci\u00f3n:<\/p>\n<p><img loading=\"lazy\" decoding=\"async\" class=\"alignnone size-medium wp-image-234\" src=\"https:\/\/hierbasdemexico.com.mx\/tienda\/wp-content\/uploads\/2020\/07\/Instrucciones-de-uso-01-300x119.png\" alt=\"\" width=\"300\" height=\"119\" srcset=\"https:\/\/hierbasdemexico.com.mx\/tienda\/wp-content\/uploads\/2020\/07\/Instrucciones-de-uso-01-300x119.png 300w, https:\/\/hierbasdemexico.com.mx\/tienda\/wp-content\/uploads\/2020\/07\/Instrucciones-de-uso-01-350x139.png 350w, https:\/\/hierbasdemexico.com.mx\/tienda\/wp-content\/uploads\/2020\/07\/Instrucciones-de-uso-01.png 640w\" sizes=\"auto, (max-width: 300px) 100vw, 300px\" \/><\/p>\n","protected":false},"featured_media":76,"comment_status":"open","ping_status":"closed","template":"","meta":{"pagelayer_contact_templates":[],"_pagelayer_content":""},"product_brand":[],"product_cat":[314,470,336,339,340,350,467,471,462,393,396,397,16,402,457,458,312],"product_tag":[],"class_list":{"0":"post-73","1":"product","2":"type-product","3":"status-publish","4":"has-post-thumbnail","6":"product_cat-acidez","7":"product_cat-bienestar","8":"product_cat-cicatrizacion-de-la-herida","9":"product_cat-colesterol-alto","10":"product_cat-colico","11":"product_cat-desordenes-gastrointestinales","12":"product_cat-detox","13":"product_cat-digestion-efecto","14":"product_cat-efecto","15":"product_cat-infecciones","16":"product_cat-infecciones-renales","17":"product_cat-inflamacion","18":"product_cat-infusiones-para-la-salud","19":"product_cat-limpieza-de-colon","20":"product_cat-ulceras","21":"product_cat-ulceras-estomacales","22":"product_cat-uso-comun","24":"first","25":"instock","26":"shipping-taxable","27":"purchasable","28":"product-type-variable"},"_links":{"self":[{"href":"https:\/\/hierbasdemexico.com.mx\/tienda\/wp-json\/wp\/v2\/product\/73","targetHints":{"allow":["GET"]}}],"collection":[{"href":"https:\/\/hierbasdemexico.com.mx\/tienda\/wp-json\/wp\/v2\/product"}],"about":[{"href":"https:\/\/hierbasdemexico.com.mx\/tienda\/wp-json\/wp\/v2\/types\/product"}],"replies":[{"embeddable":true,"href":"https:\/\/hierbasdemexico.com.mx\/tienda\/wp-json\/wp\/v2\/comments?post=73"}],"wp:featuredmedia":[{"embeddable":true,"href":"https:\/\/hierbasdemexico.com.mx\/tienda\/wp-json\/wp\/v2\/media\/76"}],"wp:attachment":[{"href":"https:\/\/hierbasdemexico.com.mx\/tienda\/wp-json\/wp\/v2\/media?parent=73"}],"wp:term":[{"taxonomy":"product_brand","embeddable":true,"href":"https:\/\/hierbasdemexico.com.mx\/tienda\/wp-json\/wp\/v2\/product_brand?post=73"},{"taxonomy":"product_cat","embeddable":true,"href":"https:\/\/hierbasdemexico.com.mx\/tienda\/wp-json\/wp\/v2\/product_cat?post=73"},{"taxonomy":"product_tag","embeddable":true,"href":"https:\/\/hierbasdemexico.com.mx\/tienda\/wp-json\/wp\/v2\/product_tag?post=73"}],"curies":[{"name":"wp","href":"https:\/\/api.w.org\/{rel}","templated":true}]}}